{"id":689,"date":"2020-09-08T22:05:27","date_gmt":"2020-09-09T03:05:27","guid":{"rendered":"https:\/\/adoblockpanama.com\/?post_type=product&#038;p=689"},"modified":"2022-06-03T22:36:38","modified_gmt":"2022-06-04T03:36:38","slug":"piedra-56","status":"publish","type":"product","link":"https:\/\/adoblockpanama.com\/?product=piedra-56","title":{"rendered":"Piedra 56"},"content":{"rendered":"<p>Por sus cualidades naturales, la roca andesita de nuestra reserva es considerada una de las mejores del pa\u00eds con las propiedades y cualidades ideales para la elaboraci\u00f3n de concreto de altas resistencias.<\/p>\n","protected":false},"excerpt":{"rendered":"<p>Precio por metro c\u00fabico.<\/p>\n<p>Por sus cualidades naturales, la roca andesita de nuestra reserva es considerada una de las mejores del pa\u00eds con las propiedades y cualidades ideales para la elaboraci\u00f3n de concreto de altas resistencias.<\/p>\n","protected":false},"featured_media":691,"template":"","meta":{"_monsterinsights_skip_tracking":false,"_monsterinsights_sitenote_active":false,"_monsterinsights_sitenote_note":"","_monsterinsights_sitenote_category":0,"_uf_show_specific_survey":0,"_uf_disable_surveys":false,"site-sidebar-layout":"default","site-content-layout":"default","ast-site-content-layout":"default","site-content-style":"default","site-sidebar-style":"default","ast-global-header-display":"","ast-banner-title-visibility":"","ast-main-header-display":"","ast-hfb-above-header-display":"","ast-hfb-below-header-display":"","ast-hfb-mobile-header-display":"","site-post-title":"","ast-breadcrumbs-content":"","ast-featured-img":"","footer-sml-layout":"","ast-disable-related-posts":"","theme-transparent-header-meta":"default","adv-header-id-meta":"","stick-header-meta":"","header-above-stick-meta":"","header-main-stick-meta":"","header-below-stick-meta":"","astra-migrate-meta-layouts":"default","ast-page-background-enabled":"default","ast-page-background-meta":{"desktop":{"background-color":"","background-image":"","background-repeat":"repeat","background-position":"center center","background-size":"auto","background-attachment":"scroll","background-type":"","background-media":"","overlay-type":"","overlay-color":"","overlay-opacity":"","overlay-gradient":""},"tablet":{"background-color":"","background-image":"","background-repeat":"repeat","background-position":"center center","background-size":"auto","background-attachment":"scroll","background-type":"","background-media":"","overlay-type":"","overlay-color":"","overlay-opacity":"","overlay-gradient":""},"mobile":{"background-color":"","background-image":"","background-repeat":"repeat","background-position":"center center","background-size":"auto","background-attachment":"scroll","background-type":"","background-media":"","overlay-type":"","overlay-color":"","overlay-opacity":"","overlay-gradient":""}},"ast-content-background-meta":{"desktop":{"background-color":"var(--ast-global-color-5)","background-image":"","background-repeat":"repeat","background-position":"center center","background-size":"auto","background-attachment":"scroll","background-type":"","background-media":"","overlay-type":"","overlay-color":"","overlay-opacity":"","overlay-gradient":""},"tablet":{"background-color":"var(--ast-global-color-5)","background-image":"","background-repeat":"repeat","background-position":"center center","background-size":"auto","background-attachment":"scroll","background-type":"","background-media":"","overlay-type":"","overlay-color":"","overlay-opacity":"","overlay-gradient":""},"mobile":{"background-color":"var(--ast-global-color-5)","background-image":"","background-repeat":"repeat","background-position":"center center","background-size":"auto","background-attachment":"scroll","background-type":"","background-media":"","overlay-type":"","overlay-color":"","overlay-opacity":"","overlay-gradient":""}},"_vp_format_video_url":"","_vp_image_focal_point":[]},"product_brand":[],"product_cat":[22],"product_tag":[],"class_list":{"0":"post-689","1":"product","2":"type-product","3":"status-publish","4":"has-post-thumbnail","6":"product_cat-agregados","7":"desktop-align-left","8":"tablet-align-left","9":"mobile-align-left","11":"first","12":"instock","13":"taxable","14":"shipping-taxable","15":"purchasable","16":"product-type-simple"},"yoast_head":"<!-- This site is optimized with the Yoast SEO plugin v27.3 - https:\/\/yoast.com\/product\/yoast-seo-wordpress\/ -->\n<title>Piedra 56 -<\/title>\n<meta name=\"robots\" content=\"index, follow, max-snippet:-1, max-image-preview:large, max-video-preview:-1\" \/>\n<link rel=\"canonical\" href=\"https:\/\/adoblockpanama.com\/?product=piedra-56\" \/>\n<meta property=\"og:locale\" content=\"es_ES\" \/>\n<meta property=\"og:type\" content=\"article\" \/>\n<meta property=\"og:title\" content=\"Piedra 56 -\" \/>\n<meta property=\"og:description\" content=\"Precio por metro c\u00fabico.  Por sus cualidades naturales, la roca andesita de nuestra reserva es considerada una de las mejores del pa\u00eds con las propiedades y cualidades ideales para la elaboraci\u00f3n de concreto de altas resistencias.\" \/>\n<meta property=\"og:url\" content=\"https:\/\/adoblockpanama.com\/?product=piedra-56\" \/>\n<meta property=\"article:publisher\" content=\"https:\/\/www.facebook.com\/CanteraElHigo\/\" \/>\n<meta property=\"article:modified_time\" content=\"2022-06-04T03:36:38+00:00\" \/>\n<meta property=\"og:image\" content=\"https:\/\/adoblockpanama.com\/wp-content\/uploads\/2020\/09\/image-15.png\" \/>\n\t<meta property=\"og:image:width\" content=\"1080\" \/>\n\t<meta property=\"og:image:height\" content=\"1080\" \/>\n\t<meta property=\"og:image:type\" content=\"image\/png\" \/>\n<meta name=\"twitter:card\" content=\"summary_large_image\" \/>\n<meta name=\"twitter:label1\" content=\"Tiempo de lectura\" \/>\n\t<meta name=\"twitter:data1\" content=\"1 minuto\" \/>\n<script type=\"application\/ld+json\" class=\"yoast-schema-graph\">{\"@context\":\"https:\\\/\\\/schema.org\",\"@graph\":[{\"@type\":\"WebPage\",\"@id\":\"https:\\\/\\\/adoblockpanama.com\\\/?product=piedra-56\",\"url\":\"https:\\\/\\\/adoblockpanama.com\\\/?product=piedra-56\",\"name\":\"Piedra 56 -\",\"isPartOf\":{\"@id\":\"https:\\\/\\\/adoblockpanama.com\\\/#website\"},\"primaryImageOfPage\":{\"@id\":\"https:\\\/\\\/adoblockpanama.com\\\/?product=piedra-56#primaryimage\"},\"image\":{\"@id\":\"https:\\\/\\\/adoblockpanama.com\\\/?product=piedra-56#primaryimage\"},\"thumbnailUrl\":\"https:\\\/\\\/i0.wp.com\\\/adoblockpanama.com\\\/wp-content\\\/uploads\\\/2020\\\/09\\\/image-15.png?fit=1080%2C1080&ssl=1\",\"datePublished\":\"2020-09-09T03:05:27+00:00\",\"dateModified\":\"2022-06-04T03:36:38+00:00\",\"breadcrumb\":{\"@id\":\"https:\\\/\\\/adoblockpanama.com\\\/?product=piedra-56#breadcrumb\"},\"inLanguage\":\"es\",\"potentialAction\":[{\"@type\":\"ReadAction\",\"target\":[\"https:\\\/\\\/adoblockpanama.com\\\/?product=piedra-56\"]}]},{\"@type\":\"ImageObject\",\"inLanguage\":\"es\",\"@id\":\"https:\\\/\\\/adoblockpanama.com\\\/?product=piedra-56#primaryimage\",\"url\":\"https:\\\/\\\/i0.wp.com\\\/adoblockpanama.com\\\/wp-content\\\/uploads\\\/2020\\\/09\\\/image-15.png?fit=1080%2C1080&ssl=1\",\"contentUrl\":\"https:\\\/\\\/i0.wp.com\\\/adoblockpanama.com\\\/wp-content\\\/uploads\\\/2020\\\/09\\\/image-15.png?fit=1080%2C1080&ssl=1\",\"width\":1080,\"height\":1080},{\"@type\":\"BreadcrumbList\",\"@id\":\"https:\\\/\\\/adoblockpanama.com\\\/?product=piedra-56#breadcrumb\",\"itemListElement\":[{\"@type\":\"ListItem\",\"position\":1,\"name\":\"Portada\",\"item\":\"https:\\\/\\\/adoblockpanama.com\\\/\"},{\"@type\":\"ListItem\",\"position\":2,\"name\":\"Tienda\",\"item\":\"https:\\\/\\\/adoblockpanama.com\\\/?page_id=38\"},{\"@type\":\"ListItem\",\"position\":3,\"name\":\"Piedra 56\"}]},{\"@type\":\"WebSite\",\"@id\":\"https:\\\/\\\/adoblockpanama.com\\\/#website\",\"url\":\"https:\\\/\\\/adoblockpanama.com\\\/\",\"name\":\"Cantera El Higo\",\"description\":\"I Bloques y Adoquines\",\"publisher\":{\"@id\":\"https:\\\/\\\/adoblockpanama.com\\\/#organization\"},\"potentialAction\":[{\"@type\":\"SearchAction\",\"target\":{\"@type\":\"EntryPoint\",\"urlTemplate\":\"https:\\\/\\\/adoblockpanama.com\\\/?s={search_term_string}\"},\"query-input\":{\"@type\":\"PropertyValueSpecification\",\"valueRequired\":true,\"valueName\":\"search_term_string\"}}],\"inLanguage\":\"es\"},{\"@type\":\"Organization\",\"@id\":\"https:\\\/\\\/adoblockpanama.com\\\/#organization\",\"name\":\"Cantera El Higo\",\"url\":\"https:\\\/\\\/adoblockpanama.com\\\/\",\"logo\":{\"@type\":\"ImageObject\",\"inLanguage\":\"es\",\"@id\":\"https:\\\/\\\/adoblockpanama.com\\\/#\\\/schema\\\/logo\\\/image\\\/\",\"url\":\"https:\\\/\\\/adoblockpanama.com\\\/wp-content\\\/uploads\\\/2020\\\/03\\\/cropped-Cantera-Bk.png\",\"contentUrl\":\"https:\\\/\\\/adoblockpanama.com\\\/wp-content\\\/uploads\\\/2020\\\/03\\\/cropped-Cantera-Bk.png\",\"width\":547,\"height\":324,\"caption\":\"Cantera El Higo\"},\"image\":{\"@id\":\"https:\\\/\\\/adoblockpanama.com\\\/#\\\/schema\\\/logo\\\/image\\\/\"},\"sameAs\":[\"https:\\\/\\\/www.facebook.com\\\/CanteraElHigo\\\/\",\"https:\\\/\\\/www.instagram.com\\\/cantera.elhigo\\\/?hl=es-la\"]}]}<\/script>\n<!-- \/ Yoast SEO plugin. -->","yoast_head_json":{"title":"Piedra 56 -","robots":{"index":"index","follow":"follow","max-snippet":"max-snippet:-1","max-image-preview":"max-image-preview:large","max-video-preview":"max-video-preview:-1"},"canonical":"https:\/\/adoblockpanama.com\/?product=piedra-56","og_locale":"es_ES","og_type":"article","og_title":"Piedra 56 -","og_description":"Precio por metro c\u00fabico.  Por sus cualidades naturales, la roca andesita de nuestra reserva es considerada una de las mejores del pa\u00eds con las propiedades y cualidades ideales para la elaboraci\u00f3n de concreto de altas resistencias.","og_url":"https:\/\/adoblockpanama.com\/?product=piedra-56","article_publisher":"https:\/\/www.facebook.com\/CanteraElHigo\/","article_modified_time":"2022-06-04T03:36:38+00:00","og_image":[{"width":1080,"height":1080,"url":"https:\/\/adoblockpanama.com\/wp-content\/uploads\/2020\/09\/image-15.png","type":"image\/png"}],"twitter_card":"summary_large_image","twitter_misc":{"Tiempo de lectura":"1 minuto"},"schema":{"@context":"https:\/\/schema.org","@graph":[{"@type":"WebPage","@id":"https:\/\/adoblockpanama.com\/?product=piedra-56","url":"https:\/\/adoblockpanama.com\/?product=piedra-56","name":"Piedra 56 -","isPartOf":{"@id":"https:\/\/adoblockpanama.com\/#website"},"primaryImageOfPage":{"@id":"https:\/\/adoblockpanama.com\/?product=piedra-56#primaryimage"},"image":{"@id":"https:\/\/adoblockpanama.com\/?product=piedra-56#primaryimage"},"thumbnailUrl":"https:\/\/i0.wp.com\/adoblockpanama.com\/wp-content\/uploads\/2020\/09\/image-15.png?fit=1080%2C1080&ssl=1","datePublished":"2020-09-09T03:05:27+00:00","dateModified":"2022-06-04T03:36:38+00:00","breadcrumb":{"@id":"https:\/\/adoblockpanama.com\/?product=piedra-56#breadcrumb"},"inLanguage":"es","potentialAction":[{"@type":"ReadAction","target":["https:\/\/adoblockpanama.com\/?product=piedra-56"]}]},{"@type":"ImageObject","inLanguage":"es","@id":"https:\/\/adoblockpanama.com\/?product=piedra-56#primaryimage","url":"https:\/\/i0.wp.com\/adoblockpanama.com\/wp-content\/uploads\/2020\/09\/image-15.png?fit=1080%2C1080&ssl=1","contentUrl":"https:\/\/i0.wp.com\/adoblockpanama.com\/wp-content\/uploads\/2020\/09\/image-15.png?fit=1080%2C1080&ssl=1","width":1080,"height":1080},{"@type":"BreadcrumbList","@id":"https:\/\/adoblockpanama.com\/?product=piedra-56#breadcrumb","itemListElement":[{"@type":"ListItem","position":1,"name":"Portada","item":"https:\/\/adoblockpanama.com\/"},{"@type":"ListItem","position":2,"name":"Tienda","item":"https:\/\/adoblockpanama.com\/?page_id=38"},{"@type":"ListItem","position":3,"name":"Piedra 56"}]},{"@type":"WebSite","@id":"https:\/\/adoblockpanama.com\/#website","url":"https:\/\/adoblockpanama.com\/","name":"Cantera El Higo","description":"I Bloques y Adoquines","publisher":{"@id":"https:\/\/adoblockpanama.com\/#organization"},"potentialAction":[{"@type":"SearchAction","target":{"@type":"EntryPoint","urlTemplate":"https:\/\/adoblockpanama.com\/?s={search_term_string}"},"query-input":{"@type":"PropertyValueSpecification","valueRequired":true,"valueName":"search_term_string"}}],"inLanguage":"es"},{"@type":"Organization","@id":"https:\/\/adoblockpanama.com\/#organization","name":"Cantera El Higo","url":"https:\/\/adoblockpanama.com\/","logo":{"@type":"ImageObject","inLanguage":"es","@id":"https:\/\/adoblockpanama.com\/#\/schema\/logo\/image\/","url":"https:\/\/adoblockpanama.com\/wp-content\/uploads\/2020\/03\/cropped-Cantera-Bk.png","contentUrl":"https:\/\/adoblockpanama.com\/wp-content\/uploads\/2020\/03\/cropped-Cantera-Bk.png","width":547,"height":324,"caption":"Cantera El Higo"},"image":{"@id":"https:\/\/adoblockpanama.com\/#\/schema\/logo\/image\/"},"sameAs":["https:\/\/www.facebook.com\/CanteraElHigo\/","https:\/\/www.instagram.com\/cantera.elhigo\/?hl=es-la"]}]}},"jetpack_sharing_enabled":true,"_links":{"self":[{"href":"https:\/\/adoblockpanama.com\/index.php?rest_route=\/wp\/v2\/product\/689","targetHints":{"allow":["GET"]}}],"collection":[{"href":"https:\/\/adoblockpanama.com\/index.php?rest_route=\/wp\/v2\/product"}],"about":[{"href":"https:\/\/adoblockpanama.com\/index.php?rest_route=\/wp\/v2\/types\/product"}],"version-history":[{"count":0,"href":"https:\/\/adoblockpanama.com\/index.php?rest_route=\/wp\/v2\/product\/689\/revisions"}],"wp:featuredmedia":[{"embeddable":true,"href":"https:\/\/adoblockpanama.com\/index.php?rest_route=\/wp\/v2\/media\/691"}],"wp:attachment":[{"href":"https:\/\/adoblockpanama.com\/index.php?rest_route=%2Fwp%2Fv2%2Fmedia&parent=689"}],"wp:term":[{"taxonomy":"product_brand","embeddable":true,"href":"https:\/\/adoblockpanama.com\/index.php?rest_route=%2Fwp%2Fv2%2Fproduct_brand&post=689"},{"taxonomy":"product_cat","embeddable":true,"href":"https:\/\/adoblockpanama.com\/index.php?rest_route=%2Fwp%2Fv2%2Fproduct_cat&post=689"},{"taxonomy":"product_tag","embeddable":true,"href":"https:\/\/adoblockpanama.com\/index.php?rest_route=%2Fwp%2Fv2%2Fproduct_tag&post=689"}],"curies":[{"name":"wp","href":"https:\/\/api.w.org\/{rel}","templated":true}]}}